{"id":5096,"date":"2017-03-14T17:29:57","date_gmt":"2017-03-14T17:29:57","guid":{"rendered":"http:\/\/www.expotransporte.com.ar\/la-expo-en-numeros\/"},"modified":"2024-09-02T15:44:50","modified_gmt":"2024-09-02T15:44:50","slug":"a-expo-em-numeros","status":"publish","type":"page","link":"https:\/\/www.expotransporte.com.ar\/br\/a-expo-em-numeros\/","title":{"rendered":"A Expo em N\u00fameros"},"content":{"rendered":"<div class=\"wpb-content-wrapper\"><p>[vc_row disable_element=&#8221;yes&#8221;][vc_column][vc_column_text]<\/p>\n<h2 style=\"text-align: center;\">Receba <span style=\"font-weight: 800; color: #50b349;\">24000 clientes<\/span> em <span style=\"font-weight: 800; color: #50b349;\">3 dias<\/span>.<\/h2>\n<p>[\/vc_column_text][vc_empty_space][vc_separator color=&#8221;custom&#8221; el_width=&#8221;50&#8243; accent_color=&#8221;#f7bd14&#8243; css=&#8221;.vc_custom_1564426566583{padding-top: 50px !important;padding-bottom: 30px !important;}&#8221;][vc_empty_space][vc_column_text]<\/p>\n<h3 style=\"text-align: center;\">Apresente <span style=\"font-weight: 800; color: #50b349;\">sua solu\u00e7\u00e3o \u00e0 industria<\/span>.<\/h3>\n<p>[\/vc_column_text][vc_empty_space height=&#8221;64px&#8221;][\/vc_column][\/vc_row][vc_row disable_element=&#8221;yes&#8221;][vc_column][vc_single_image image=&#8221;4976&#8243; img_size=&#8221;full&#8221; alignment=&#8221;center&#8221;][\/vc_column][\/vc_row][vc_row][vc_column][vc_column_text]<\/p>\n<p>[\/vc_column_text][\/vc_column][\/vc_row][vc_row][vc_column][vc_column_text]<\/p>\n<h2 style=\"text-align: center;\">Receba <span style=\"font-weight: 800; color: #50b349;\">24.000 clientes<\/span> em 3<span style=\"font-weight: 800; color: #50b349;\">\u00a0dias<\/span>.<\/h2>\n<p>[\/vc_column_text][vc_empty_space][vc_separator color=&#8221;custom&#8221; el_width=&#8221;50&#8243; accent_color=&#8221;#939393&#8243;][vc_empty_space][vc_column_text]<\/p>\n<h3 style=\"text-align: center;\">Apresente <span style=\"font-weight: 800; color: #50b349;\">sua solu\u00e7\u00e3o \u00e0 industria.<\/span><\/h3>\n<p>[\/vc_column_text][vc_empty_space height=&#8221;64px&#8221;][\/vc_column][\/vc_row][vc_row][vc_column width=&#8221;1\/2&#8243;][vc_custom_heading text=&#8221;\u203a Resultados 2024&#8243; font_container=&#8221;tag:h2|text_align:center|color:%2350b349&#8243; google_fonts=&#8221;font_family:Lato%3A100%2C100italic%2C300%2C300italic%2Cregular%2Citalic%2C700%2C700italic%2C900%2C900italic|font_style:400%20regular%3A400%3Anormal&#8221;][vc_empty_space][vc_separator color=&#8221;custom&#8221; accent_color=&#8221;#f47a20&#8243; css=&#8221;.vc_custom_1489512704979{padding-bottom: 5px !important;}&#8221;][vc_row_inner][vc_column_inner width=&#8221;1\/3&#8243;][vc_column_text]<\/p>\n<p style=\"padding-top: 10px;\"><span style=\"font-size: 45px; color: #50b349; font-weight: 600;\">25.000<\/span><\/p>\n<p>[\/vc_column_text][\/vc_column_inner][vc_column_inner width=&#8221;2\/3&#8243;][vc_column_text]<span style=\"color: #50b349; font-size: 16px; font-weight: 800;\">\u00c1rea de exibi\u00e7\u00e3o<\/span>[\/vc_column_text][\/vc_column_inner][\/vc_row_inner][vc_separator color=&#8221;custom&#8221; accent_color=&#8221;#f47a20&#8243;][vc_row_inner][vc_column_inner width=&#8221;1\/3&#8243;][vc_column_text]<\/p>\n<p style=\"padding-top: 10px;\"><span style=\"font-size: 45px; color: #50b349; font-weight: 600;\">354<\/span><\/p>\n<p>[\/vc_column_text][\/vc_column_inner][vc_column_inner width=&#8221;2\/3&#8243;][vc_column_text]<span style=\"color: #50b349; font-size: 16px; font-weight: 800;\">N\u00famero de expositores<\/span>[\/vc_column_text][\/vc_column_inner][\/vc_row_inner][vc_separator color=&#8221;custom&#8221; accent_color=&#8221;#f47a20&#8243;][vc_row_inner][vc_column_inner width=&#8221;1\/3&#8243;][vc_column_text]<\/p>\n<p style=\"padding-top: 10px;\"><span style=\"font-size: 45px; color: #50b349; font-weight: 600;\">24.780<\/span><\/p>\n<p>[\/vc_column_text][\/vc_column_inner][vc_column_inner width=&#8221;2\/3&#8243;][vc_column_text]<span style=\"color: #50b349; font-size: 16px; font-weight: 800;\">N\u00famero de visitantes<\/span>[\/vc_column_text][\/vc_column_inner][\/vc_row_inner][vc_separator color=&#8221;custom&#8221; accent_color=&#8221;#f47a20&#8243;][\/vc_column][vc_column width=&#8221;1\/2&#8243;][vc_custom_heading text=&#8221;\u203a Proje\u00e7\u00f5es 2026&#8243; font_container=&#8221;tag:h2|text_align:center|color:%2350b349&#8243; google_fonts=&#8221;font_family:Lato%3A100%2C100italic%2C300%2C300italic%2Cregular%2Citalic%2C700%2C700italic%2C900%2C900italic|font_style:400%20regular%3A400%3Anormal&#8221;][vc_empty_space][vc_separator color=&#8221;custom&#8221; accent_color=&#8221;#f47a20&#8243; css=&#8221;.vc_custom_1489512704979{padding-bottom: 5px !important;}&#8221;][vc_row_inner][vc_column_inner width=&#8221;1\/3&#8243;][vc_column_text]<\/p>\n<p style=\"padding-top: 10px;\"><span style=\"font-size: 45px; color: #50b349; font-weight: 600;\">28.000<\/span><\/p>\n<p>[\/vc_column_text][\/vc_column_inner][vc_column_inner width=&#8221;2\/3&#8243;][vc_column_text]<span style=\"color: #50b349; font-size: 16px; font-weight: 800;\">\u00c1rea de exibi\u00e7\u00e3o<\/span>[\/vc_column_text][\/vc_column_inner][\/vc_row_inner][vc_separator color=&#8221;custom&#8221; accent_color=&#8221;#f47a20&#8243;][vc_row_inner][vc_column_inner width=&#8221;1\/3&#8243;][vc_column_text]<\/p>\n<p style=\"padding-top: 10px;\"><span style=\"font-size: 45px; color: #50b349; font-weight: 600;\">390<\/span><\/p>\n<p>[\/vc_column_text][\/vc_column_inner][vc_column_inner width=&#8221;2\/3&#8243;][vc_column_text]<span style=\"color: #50b349; font-size: 16px; font-weight: 800;\">N\u00famero de expositores<\/span>[\/vc_column_text][\/vc_column_inner][\/vc_row_inner][vc_separator color=&#8221;custom&#8221; accent_color=&#8221;#f47a20&#8243;][vc_row_inner][vc_column_inner width=&#8221;1\/3&#8243;][vc_column_text]<\/p>\n<p style=\"padding-top: 10px;\"><span style=\"font-size: 45px; color: #50b349; font-weight: 600;\">25.500<\/span><\/p>\n<p>[\/vc_column_text][\/vc_column_inner][vc_column_inner width=&#8221;2\/3&#8243;][vc_column_text]<span style=\"color: #50b349; font-size: 16px; font-weight: 800;\">N\u00famero de visitantes<\/span>[\/vc_column_text][\/vc_column_inner][\/vc_row_inner][vc_separator color=&#8221;custom&#8221; accent_color=&#8221;#f47a20&#8243;][\/vc_column][\/vc_row]<\/p>\n<\/div>","protected":false},"excerpt":{"rendered":"<p>[vc_row disable_element=&#8221;yes&#8221;][vc_column][vc_column_text] Receba 24000 clientes em 3 dias. [\/vc_column_text][vc_empty_space][vc_separator color=&#8221;custom&#8221; el_width=&#8221;50&#8243; accent_color=&#8221;#f7bd14&#8243; css=&#8221;.vc_custom_1564426566583{padding-top: 50px !important;padding-bottom: 30px !important;}&#8221;][vc_empty_space][vc_column_text] Apresente sua solu\u00e7\u00e3o \u00e0 industria. [\/vc_column_text][vc_empty_space height=&#8221;64px&#8221;][\/vc_column][\/vc_row][vc_row disable_element=&#8221;yes&#8221;][vc_column][vc_single_image image=&#8221;4976&#8243; img_size=&#8221;full&#8221; alignment=&#8221;center&#8221;][\/vc_column][\/vc_row][vc_row][vc_column][vc_column_text] [\/vc_column_text][\/vc_column][\/vc_row][vc_row][vc_column][vc_column_text] Receba 24.000 clientes em 3\u00a0dias. [\/vc_column_text][vc_empty_space][vc_separator color=&#8221;custom&#8221; el_width=&#8221;50&#8243; accent_color=&#8221;#939393&#8243;][vc_empty_space][vc_column_text] Apresente sua solu\u00e7\u00e3o \u00e0 industria. [\/vc_column_text][vc_empty_space height=&#8221;64px&#8221;][\/vc_column][\/vc_row][vc_row][vc_column width=&#8221;1\/2&#8243;][vc_custom_heading text=&#8221;\u203a Resultados 2024&#8243; font_container=&#8221;tag:h2|text_align:center|color:%2350b349&#8243; [&hellip;]<\/p>\n","protected":false},"author":1,"featured_media":0,"parent":0,"menu_order":0,"comment_status":"closed","ping_status":"closed","template":"","meta":{"_joinchat":[],"footnotes":""},"class_list":["post-5096","page","type-page","status-publish","hentry"],"_links":{"self":[{"href":"https:\/\/www.expotransporte.com.ar\/br\/wp-json\/wp\/v2\/pages\/5096","targetHints":{"allow":["GET"]}}],"collection":[{"href":"https:\/\/www.expotransporte.com.ar\/br\/wp-json\/wp\/v2\/pages"}],"about":[{"href":"https:\/\/www.expotransporte.com.ar\/br\/wp-json\/wp\/v2\/types\/page"}],"author":[{"embeddable":true,"href":"https:\/\/www.expotransporte.com.ar\/br\/wp-json\/wp\/v2\/users\/1"}],"replies":[{"embeddable":true,"href":"https:\/\/www.expotransporte.com.ar\/br\/wp-json\/wp\/v2\/comments?post=5096"}],"version-history":[{"count":8,"href":"https:\/\/www.expotransporte.com.ar\/br\/wp-json\/wp\/v2\/pages\/5096\/revisions"}],"predecessor-version":[{"id":8297,"href":"https:\/\/www.expotransporte.com.ar\/br\/wp-json\/wp\/v2\/pages\/5096\/revisions\/8297"}],"wp:attachment":[{"href":"https:\/\/www.expotransporte.com.ar\/br\/wp-json\/wp\/v2\/media?parent=5096"}],"curies":[{"name":"wp","href":"https:\/\/api.w.org\/{rel}","templated":true}]}}