{"id":5099,"date":"2016-07-08T10:38:07","date_gmt":"2016-07-08T10:38:07","guid":{"rendered":"http:\/\/www.expotransporte.com.ar\/perfil-del-expositor\/"},"modified":"2022-11-29T20:40:15","modified_gmt":"2022-11-29T20:40:15","slug":"perfil-del-expositor","status":"publish","type":"page","link":"https:\/\/www.expotransporte.com.ar\/br\/perfil-del-expositor\/","title":{"rendered":"Perfil del Expositor"},"content":{"rendered":"<div class=\"wpb-content-wrapper\"><p>[vc_row content_placement=&#8221;middle&#8221; css_animation=&#8221;bounceInLeft&#8221;][vc_column][vc_custom_heading text=&#8221;Produtos e servi\u00e7os&#8221; font_container=&#8221;tag:h2|text_align:center|color:%2350b349&#8243; google_fonts=&#8221;font_family:Lato%3A100%2C100italic%2C300%2C300italic%2Cregular%2Citalic%2C700%2C700italic%2C900%2C900italic|font_style:400%20regular%3A400%3Anormal&#8221;][vc_row_inner content_placement=&#8221;middle&#8221;][vc_column_inner width=&#8221;1\/2&#8243;][tz_list_meetup style_list=&#8221;1&#8243;][tz_list_meetup_item icon_font=&#8221;fa-check&#8221; color_icon_font=&#8221;#f7bd14&#8243; title_list=&#8221;Acoplados e reboques&#8221;][tz_list_meetup_item icon_font=&#8221;fa-check&#8221; color_icon_font=&#8221;#f7bd14&#8243; title_list=&#8221;Partes de carros, acess\u00f3rios e reposi\u00e7\u00e3o&#8221;][tz_list_meetup_item icon_font=&#8221;fa-check&#8221; color_icon_font=&#8221;#f7bd14&#8243; title_list=&#8221;Baterias e acumuladores&#8221;][tz_list_meetup_item icon_font=&#8221;fa-check&#8221; color_icon_font=&#8221;#f7bd14&#8243; title_list=&#8221;Poltronas e bancos&#8221;][tz_list_meetup_item icon_font=&#8221;fa-check&#8221; color_icon_font=&#8221;#f7bd14&#8243; title_list=&#8221;Caminh\u00f5es, \u00f4nibus e utilit\u00e1rios&#8221;][tz_list_meetup_item icon_font=&#8221;fa-check&#8221; color_icon_font=&#8221;#f7bd14&#8243; title_list=&#8221;Carro\u00e7aria e furg\u00f5es&#8221;][tz_list_meetup_item icon_font=&#8221;fa-check&#8221; color_icon_font=&#8221;#f7bd14&#8243; title_list=&#8221;Combust\u00edveis, lubrificantes e aditivos&#8221;][tz_list_meetup_item icon_font=&#8221;fa-check&#8221; color_icon_font=&#8221;#f7bd14&#8243; title_list=&#8221;Companhias de seguros e servi\u00e7os banc\u00e1rios&#8221;][tz_list_meetup_item icon_font=&#8221;fa-check&#8221; color_icon_font=&#8221;#f7bd14&#8243; title_list=&#8221;Comunica\u00e7\u00e3o de frotas&#8221;][tz_list_meetup_item icon_font=&#8221;fa-check&#8221; color_icon_font=&#8221;#f7bd14&#8243; title_list=&#8221;Eixos, semi-eixos, suspens\u00f5es&#8221;][\/tz_list_meetup][\/vc_column_inner][vc_column_inner width=&#8221;1\/2&#8243;][tz_list_meetup style_list=&#8221;1&#8243;][tz_list_meetup_item icon_font=&#8221;fa-check&#8221; color_icon_font=&#8221;#f7bd14&#8243; title_list=&#8221;Equipamento para caminh\u00f5es e \u00f4nibus&#8221;][tz_list_meetup_item icon_font=&#8221;fa-check&#8221; color_icon_font=&#8221;#f7bd14&#8243; title_list=&#8221;Fixa\u00e7\u00f5es de carga, lona e acess\u00f3rios para acoplados&#8221;][tz_list_meetup_item icon_font=&#8221;fa-check&#8221; color_icon_font=&#8221;#f7bd14&#8243; title_list=&#8221;Freio, reposi\u00e7\u00f5es e sistemas&#8221;][tz_list_meetup_item icon_font=&#8221;fa-check&#8221; color_icon_font=&#8221;#f7bd14&#8243; title_list=&#8221;Gr\u00e1fica veicular&#8221;][tz_list_meetup_item icon_font=&#8221;fa-check&#8221; color_icon_font=&#8221;#f7bd14&#8243; title_list=&#8221;Instrumentos eletr\u00f4nicos&#8221;][tz_list_meetup_item icon_font=&#8221;fa-check&#8221; color_icon_font=&#8221;#f7bd14&#8243; title_list=&#8221;Pneus, reformadoras, e aro&#8221;][tz_list_meetup_item icon_font=&#8221;fa-check&#8221; color_icon_font=&#8221;#f7bd14&#8243; title_list=&#8221;Refrigera\u00e7\u00e3o, aquecimento e ar condicionado&#8221;][tz_list_meetup_item icon_font=&#8221;fa-check&#8221; color_icon_font=&#8221;#f7bd14&#8243; title_list=&#8221;Sistemas de Sat\u00e9lite GPS, Monitoramento de Frota, Seguran\u00e7a F\u00edsica e Eletr\u00f4nica&#8221;][tz_list_meetup_item icon_font=&#8221;fa-check&#8221; color_icon_font=&#8221;#f7bd14&#8243; title_list=&#8221;Software de gest\u00e3o&#8221;][tz_list_meetup_item icon_font=&#8221;fa-check&#8221; color_icon_font=&#8221;#f7bd14&#8243; title_list=&#8221;Turbos&#8221;][\/tz_list_meetup][\/vc_column_inner][\/vc_row_inner][vc_empty_space height=&#8221;64px&#8221;][\/vc_column][\/vc_row][vc_row][vc_column width=&#8221;1\/2&#8243;][vc_custom_heading text=&#8221;\u203a Objetivos&#8221; font_container=&#8221;tag:h2|text_align:center|color:%2350b349&#8243; google_fonts=&#8221;font_family:Lato%3A100%2C100italic%2C300%2C300italic%2Cregular%2Citalic%2C700%2C700italic%2C900%2C900italic|font_style:400%20regular%3A400%3Anormal&#8221;][vc_empty_space][vc_separator color=&#8221;custom&#8221; accent_color=&#8221;#50b349&#8243; css=&#8221;.vc_custom_1489174043328{padding-bottom: 5px !important;}&#8221;][vc_row_inner][vc_column_inner width=&#8221;1\/4&#8243;][vc_column_text]<\/p>\n<p style=\"padding-top: 10px;\"><span style=\"font-size: 45px; color: #50b349; font-weight: 600;\">94%<\/span><\/p>\n<p>[\/vc_column_text][\/vc_column_inner][vc_column_inner width=&#8221;3\/4&#8243;][vc_column_text]<span style=\"color: #50b349; font-size: 16px; font-weight: 800;\">Cumprimentos dos objetivos<\/span>[\/vc_column_text][\/vc_column_inner][\/vc_row_inner][vc_separator color=&#8221;custom&#8221; accent_color=&#8221;#50b349&#8243;][vc_row_inner][vc_column_inner width=&#8221;1\/4&#8243;][vc_column_text]<\/p>\n<p style=\"padding-top: 10px;\"><span style=\"font-size: 45px; color: #50b349; font-weight: 600;\">97%<\/span><\/p>\n<p>[\/vc_column_text][\/vc_column_inner][vc_column_inner width=&#8221;3\/4&#8243;][vc_column_text]<\/p>\n<h3 style=\"color: #50b349; font-size: 16px; font-weight: 800;\">Satisfa\u00e7\u00e3o com a Expo<\/h3>\n<p>[\/vc_column_text][\/vc_column_inner][\/vc_row_inner][\/vc_column][vc_column width=&#8221;1\/2&#8243;][vc_custom_heading text=&#8221;\u203a Satisfa\u00e7\u00e3o&#8221; font_container=&#8221;tag:h2|text_align:center|color:%2350b349&#8243; google_fonts=&#8221;font_family:Lato%3A100%2C100italic%2C300%2C300italic%2Cregular%2Citalic%2C700%2C700italic%2C900%2C900italic|font_style:400%20regular%3A400%3Anormal&#8221;][vc_empty_space][vc_separator color=&#8221;custom&#8221; accent_color=&#8221;#50b349&#8243; css=&#8221;.vc_custom_1489174043328{padding-bottom: 5px !important;}&#8221;][vc_row_inner][vc_column_inner width=&#8221;1\/4&#8243;][vc_column_text]<\/p>\n<p style=\"padding-top: 10px;\"><span style=\"font-size: 45px; color: #50b349; font-weight: 600;\">95%<\/span><\/p>\n<p>[\/vc_column_text][\/vc_column_inner][vc_column_inner width=&#8221;3\/4&#8243;][vc_column_text]<span style=\"color: #50b349; font-size: 16px; font-weight: 800;\">Satisfa\u00e7\u00e3o quantidade dos Visitantes<\/span><br \/>\n[\/vc_column_text][\/vc_column_inner][\/vc_row_inner][vc_separator color=&#8221;custom&#8221; accent_color=&#8221;#50b349&#8243;][vc_row_inner][vc_column_inner width=&#8221;1\/4&#8243;][vc_column_text]<\/p>\n<p style=\"padding-top: 10px;\"><span style=\"font-size: 45px; color: #50b349; font-weight: 600;\">98%<\/span><\/p>\n<p>[\/vc_column_text][\/vc_column_inner][vc_column_inner width=&#8221;3\/4&#8243;][vc_column_text]<\/p>\n<h3 style=\"color: #50b349; font-size: 16px; font-weight: 800;\">Satisfa\u00e7\u00e3o qualidade dos Visitantes<\/h3>\n<p>[\/vc_column_text][\/vc_column_inner][\/vc_row_inner][\/vc_column][\/vc_row]<\/p>\n<\/div>","protected":false},"excerpt":{"rendered":"<p>[vc_row content_placement=&#8221;middle&#8221; css_animation=&#8221;bounceInLeft&#8221;][vc_column][vc_custom_heading text=&#8221;Produtos e servi\u00e7os&#8221; font_container=&#8221;tag:h2|text_align:center|color:%2350b349&#8243; google_fonts=&#8221;font_family:Lato%3A100%2C100italic%2C300%2C300italic%2Cregular%2Citalic%2C700%2C700italic%2C900%2C900italic|font_style:400%20regular%3A400%3Anormal&#8221;][vc_row_inner content_placement=&#8221;middle&#8221;][vc_column_inner width=&#8221;1\/2&#8243;][tz_list_meetup style_list=&#8221;1&#8243;][tz_list_meetup_item icon_font=&#8221;fa-check&#8221; color_icon_font=&#8221;#f7bd14&#8243; title_list=&#8221;Acoplados e reboques&#8221;][tz_list_meetup_item icon_font=&#8221;fa-check&#8221; color_icon_font=&#8221;#f7bd14&#8243; title_list=&#8221;Partes de carros, acess\u00f3rios e reposi\u00e7\u00e3o&#8221;][tz_list_meetup_item icon_font=&#8221;fa-check&#8221; color_icon_font=&#8221;#f7bd14&#8243; title_list=&#8221;Baterias e acumuladores&#8221;][tz_list_meetup_item icon_font=&#8221;fa-check&#8221; color_icon_font=&#8221;#f7bd14&#8243; title_list=&#8221;Poltronas e bancos&#8221;][tz_list_meetup_item icon_font=&#8221;fa-check&#8221; color_icon_font=&#8221;#f7bd14&#8243; title_list=&#8221;Caminh\u00f5es, \u00f4nibus e utilit\u00e1rios&#8221;][tz_list_meetup_item icon_font=&#8221;fa-check&#8221; color_icon_font=&#8221;#f7bd14&#8243; title_list=&#8221;Carro\u00e7aria e furg\u00f5es&#8221;][tz_list_meetup_item icon_font=&#8221;fa-check&#8221; color_icon_font=&#8221;#f7bd14&#8243; title_list=&#8221;Combust\u00edveis, lubrificantes e [&hellip;]<\/p>\n","protected":false},"author":1,"featured_media":0,"parent":0,"menu_order":0,"comment_status":"closed","ping_status":"closed","template":"","meta":{"_joinchat":[],"footnotes":""},"class_list":["post-5099","page","type-page","status-publish","hentry"],"_links":{"self":[{"href":"https:\/\/www.expotransporte.com.ar\/br\/wp-json\/wp\/v2\/pages\/5099","targetHints":{"allow":["GET"]}}],"collection":[{"href":"https:\/\/www.expotransporte.com.ar\/br\/wp-json\/wp\/v2\/pages"}],"about":[{"href":"https:\/\/www.expotransporte.com.ar\/br\/wp-json\/wp\/v2\/types\/page"}],"author":[{"embeddable":true,"href":"https:\/\/www.expotransporte.com.ar\/br\/wp-json\/wp\/v2\/users\/1"}],"replies":[{"embeddable":true,"href":"https:\/\/www.expotransporte.com.ar\/br\/wp-json\/wp\/v2\/comments?post=5099"}],"version-history":[{"count":4,"href":"https:\/\/www.expotransporte.com.ar\/br\/wp-json\/wp\/v2\/pages\/5099\/revisions"}],"predecessor-version":[{"id":6658,"href":"https:\/\/www.expotransporte.com.ar\/br\/wp-json\/wp\/v2\/pages\/5099\/revisions\/6658"}],"wp:attachment":[{"href":"https:\/\/www.expotransporte.com.ar\/br\/wp-json\/wp\/v2\/media?parent=5099"}],"curies":[{"name":"wp","href":"https:\/\/api.w.org\/{rel}","templated":true}]}}