{"id":5100,"date":"2017-03-13T18:41:01","date_gmt":"2017-03-13T18:41:01","guid":{"rendered":"http:\/\/www.expotransporte.com.ar\/perfil-del-visitante\/"},"modified":"2022-11-29T20:17:55","modified_gmt":"2022-11-29T20:17:55","slug":"perfil-del-visitante","status":"publish","type":"page","link":"https:\/\/www.expotransporte.com.ar\/br\/perfil-del-visitante\/","title":{"rendered":"Perfil do Visitante"},"content":{"rendered":"<div class=\"wpb-content-wrapper\"><p>[vc_row content_placement=&#8221;middle&#8221; css_animation=&#8221;bounceInLeft&#8221;][vc_column][vc_custom_heading text=&#8221;Gerentes de frotas, transportadores e empresas de transporte.&#8221; font_container=&#8221;tag:h2|text_align:center|color:%2350b349&#8243; google_fonts=&#8221;font_family:Lato%3A100%2C100italic%2C300%2C300italic%2Cregular%2Citalic%2C700%2C700italic%2C900%2C900italic|font_style:400%20regular%3A400%3Anormal&#8221;][vc_row_inner content_placement=&#8221;middle&#8221;][vc_column_inner width=&#8221;1\/2&#8243;][tz_list_meetup style_list=&#8221;1&#8243;][tz_list_meetup_item icon_font=&#8221;fa-check&#8221; color_icon_font=&#8221;#50b349&#8243; title_list=&#8221;Transporte a granel&#8221;][tz_list_meetup_item icon_font=&#8221;fa-check&#8221; color_icon_font=&#8221;#50b349&#8243; title_list=&#8221;Transporte cont\u00eaineres e ve\u00edculos&#8221;][tz_list_meetup_item icon_font=&#8221;fa-check&#8221; color_icon_font=&#8221;#50b349&#8243; title_list=&#8221;Transporte agr\u00edcola&#8221;][tz_list_meetup_item icon_font=&#8221;fa-check&#8221; color_icon_font=&#8221;#50b349&#8243; title_list=&#8221;Transportes res\u00edduos industriais, sanit\u00e1rios e hospitaleiros&#8221;][tz_list_meetup_item icon_font=&#8221;fa-check&#8221; color_icon_font=&#8221;#50b349&#8243; title_list=&#8221;Transporte sust\u00e2ncias perigosas, combust\u00edveis e fluidos&#8221;][tz_list_meetup_item icon_font=&#8221;fa-check&#8221; color_icon_font=&#8221;#50b349&#8243; title_list=&#8221;Empresas de distribui\u00e7\u00e3o e log\u00edstica&#8221;][tz_list_meetup_item icon_font=&#8221;fa-check&#8221; color_icon_font=&#8221;#50b349&#8243; title_list=&#8221;Empresas de correio&#8221;][\/tz_list_meetup][\/vc_column_inner][vc_column_inner width=&#8221;1\/2&#8243;][tz_list_meetup style_list=&#8221;1&#8243;][tz_list_meetup_item icon_font=&#8221;fa-check&#8221; color_icon_font=&#8221;#50b349&#8243; title_list=&#8221;Empresas de seguran\u00e7a e vigil\u00e2ncia, transportadora de caudais&#8221;][tz_list_meetup_item icon_font=&#8221;fa-check&#8221; color_icon_font=&#8221;#50b349&#8243; title_list=&#8221;Transportadores independentes&#8221;][tz_list_meetup_item icon_font=&#8221;fa-check&#8221; color_icon_font=&#8221;#50b349&#8243; title_list=&#8221;Transporte passageiro de urbanos, m\u00e9dia e longa dist\u00e2ncia&#8221;][tz_list_meetup_item icon_font=&#8221;fa-check&#8221; color_icon_font=&#8221;#50b349&#8243; title_list=&#8221;Empresas de turismo&#8221;][tz_list_meetup_item icon_font=&#8221;fa-check&#8221; color_icon_font=&#8221;#50b349&#8243; title_list=&#8221;Transporte de carga pesada e\/ou especial&#8221;][tz_list_meetup_item icon_font=&#8221;fa-check&#8221; color_icon_font=&#8221;#50b349&#8243; title_list=&#8221;Gerentes de frota de grandes empresas&#8221;][tz_list_meetup_item icon_font=&#8221;fa-check&#8221; color_icon_font=&#8221;#50b349&#8243; title_list=&#8221;Transporte carga refrigerada&#8221;][\/tz_list_meetup][\/vc_column_inner][\/vc_row_inner][vc_empty_space height=&#8221;64px&#8221;][\/vc_column][\/vc_row][vc_row][vc_column][vc_custom_heading text=&#8221;\u203a N\u00fameros&#8221; font_container=&#8221;tag:h2|text_align:center|color:%2350b349&#8243; google_fonts=&#8221;font_family:Lato%3A100%2C100italic%2C300%2C300italic%2Cregular%2Citalic%2C700%2C700italic%2C900%2C900italic|font_style:400%20regular%3A400%3Anormal&#8221;][vc_empty_space][vc_separator color=&#8221;custom&#8221; el_width=&#8221;50&#8243; accent_color=&#8221;#50b349&#8243; css=&#8221;.vc_custom_1489432822436{padding-bottom: 5px !important;}&#8221;][vc_row_inner][vc_column_inner width=&#8221;1\/4&#8243;][\/vc_column_inner][vc_column_inner width=&#8221;1\/4&#8243;][vc_column_text]<\/p>\n<p style=\"padding-top: 10px;\"><span style=\"font-size: 45px; color: #50b349; font-weight: 600;\">23.891<\/span><\/p>\n<p>[\/vc_column_text][\/vc_column_inner][vc_column_inner width=&#8221;1\/4&#8243;][vc_column_text]<span style=\"color: #50b349; font-size: 16px; font-weight: 800;\">N\u00famero de visitantes<\/span>[\/vc_column_text][\/vc_column_inner][vc_column_inner width=&#8221;1\/4&#8243;][\/vc_column_inner][\/vc_row_inner][vc_separator color=&#8221;custom&#8221; el_width=&#8221;50&#8243; accent_color=&#8221;#50b349&#8243;][vc_row_inner][vc_column_inner width=&#8221;1\/4&#8243;][\/vc_column_inner][vc_column_inner width=&#8221;1\/4&#8243;][vc_column_text]<\/p>\n<p style=\"padding-top: 10px;\"><span style=\"font-size: 45px; color: #50b349; font-weight: 600;\">88%<\/span><\/p>\n<p>[\/vc_column_text][\/vc_column_inner][vc_column_inner width=&#8221;1\/4&#8243;][vc_column_text]<span style=\"color: #50b349; font-size: 16px; font-weight: 800;\">Participam na decis\u00e3o de compra<\/span>[\/vc_column_text][\/vc_column_inner][vc_column_inner width=&#8221;1\/4&#8243;][\/vc_column_inner][\/vc_row_inner][vc_separator color=&#8221;custom&#8221; el_width=&#8221;50&#8243; accent_color=&#8221;#50b349&#8243;][vc_row_inner][vc_column_inner width=&#8221;1\/4&#8243;][\/vc_column_inner][vc_column_inner width=&#8221;1\/4&#8243;][vc_column_text]<\/p>\n<p style=\"padding-top: 10px;\"><span style=\"font-size: 45px; color: #50b349; font-weight: 600;\">97%<\/span><\/p>\n<p>[\/vc_column_text][\/vc_column_inner][vc_column_inner width=&#8221;1\/4&#8243;][vc_column_text]<span style=\"color: #50b349; font-size: 16px; font-weight: 800;\">Satisfa\u00e7\u00e3o com a Expo<\/span>[\/vc_column_text][\/vc_column_inner][vc_column_inner width=&#8221;1\/4&#8243;][\/vc_column_inner][\/vc_row_inner][vc_separator color=&#8221;custom&#8221; el_width=&#8221;50&#8243; accent_color=&#8221;#50b349&#8243;][vc_row_inner][vc_column_inner width=&#8221;1\/4&#8243;][\/vc_column_inner][vc_column_inner width=&#8221;1\/4&#8243;][vc_column_text]<\/p>\n<p style=\"padding-top: 10px;\"><span style=\"font-size: 45px; color: #50b349; font-weight: 600;\">94%<\/span><\/p>\n<p>[\/vc_column_text][\/vc_column_inner][vc_column_inner width=&#8221;1\/4&#8243;][vc_column_text]<span style=\"color: #50b349; font-size: 16px; font-weight: 800;\">Vai visitar a pr\u00f3xima edi\u00e7\u00e3o<\/span>[\/vc_column_text][\/vc_column_inner][vc_column_inner width=&#8221;1\/4&#8243;][\/vc_column_inner][\/vc_row_inner][vc_separator color=&#8221;custom&#8221; el_width=&#8221;50&#8243; accent_color=&#8221;#50b349&#8243;][vc_row_inner][vc_column_inner width=&#8221;1\/4&#8243;][\/vc_column_inner][vc_column_inner width=&#8221;1\/4&#8243;][vc_column_text]<\/p>\n<p style=\"padding-top: 10px;\"><span style=\"font-size: 45px; color: #50b349; font-weight: 600;\">95%<\/span><\/p>\n<p>[\/vc_column_text][\/vc_column_inner][vc_column_inner width=&#8221;1\/4&#8243;][vc_column_text]<span style=\"color: #50b349; font-size: 16px; font-weight: 800;\">Satisfa\u00e7\u00e3o qualidade dos Expositores<\/span>[\/vc_column_text][\/vc_column_inner][vc_column_inner width=&#8221;1\/4&#8243;][\/vc_column_inner][\/vc_row_inner][vc_separator color=&#8221;custom&#8221; el_width=&#8221;50&#8243; accent_color=&#8221;#50b349&#8243;][\/vc_column][\/vc_row]<\/p>\n<\/div>","protected":false},"excerpt":{"rendered":"<p>[vc_row content_placement=&#8221;middle&#8221; css_animation=&#8221;bounceInLeft&#8221;][vc_column][vc_custom_heading text=&#8221;Gerentes de frotas, transportadores e empresas de transporte.&#8221; font_container=&#8221;tag:h2|text_align:center|color:%2350b349&#8243; google_fonts=&#8221;font_family:Lato%3A100%2C100italic%2C300%2C300italic%2Cregular%2Citalic%2C700%2C700italic%2C900%2C900italic|font_style:400%20regular%3A400%3Anormal&#8221;][vc_row_inner content_placement=&#8221;middle&#8221;][vc_column_inner width=&#8221;1\/2&#8243;][tz_list_meetup style_list=&#8221;1&#8243;][tz_list_meetup_item icon_font=&#8221;fa-check&#8221; color_icon_font=&#8221;#50b349&#8243; title_list=&#8221;Transporte a granel&#8221;][tz_list_meetup_item icon_font=&#8221;fa-check&#8221; color_icon_font=&#8221;#50b349&#8243; title_list=&#8221;Transporte cont\u00eaineres e ve\u00edculos&#8221;][tz_list_meetup_item icon_font=&#8221;fa-check&#8221; color_icon_font=&#8221;#50b349&#8243; title_list=&#8221;Transporte agr\u00edcola&#8221;][tz_list_meetup_item icon_font=&#8221;fa-check&#8221; color_icon_font=&#8221;#50b349&#8243; title_list=&#8221;Transportes res\u00edduos industriais, sanit\u00e1rios e hospitaleiros&#8221;][tz_list_meetup_item icon_font=&#8221;fa-check&#8221; color_icon_font=&#8221;#50b349&#8243; title_list=&#8221;Transporte sust\u00e2ncias perigosas, combust\u00edveis e fluidos&#8221;][tz_list_meetup_item icon_font=&#8221;fa-check&#8221; color_icon_font=&#8221;#50b349&#8243; title_list=&#8221;Empresas [&hellip;]<\/p>\n","protected":false},"author":1,"featured_media":0,"parent":0,"menu_order":0,"comment_status":"closed","ping_status":"closed","template":"","meta":{"_joinchat":[],"footnotes":""},"class_list":["post-5100","page","type-page","status-publish","hentry"],"_links":{"self":[{"href":"https:\/\/www.expotransporte.com.ar\/br\/wp-json\/wp\/v2\/pages\/5100","targetHints":{"allow":["GET"]}}],"collection":[{"href":"https:\/\/www.expotransporte.com.ar\/br\/wp-json\/wp\/v2\/pages"}],"about":[{"href":"https:\/\/www.expotransporte.com.ar\/br\/wp-json\/wp\/v2\/types\/page"}],"author":[{"embeddable":true,"href":"https:\/\/www.expotransporte.com.ar\/br\/wp-json\/wp\/v2\/users\/1"}],"replies":[{"embeddable":true,"href":"https:\/\/www.expotransporte.com.ar\/br\/wp-json\/wp\/v2\/comments?post=5100"}],"version-history":[{"count":3,"href":"https:\/\/www.expotransporte.com.ar\/br\/wp-json\/wp\/v2\/pages\/5100\/revisions"}],"predecessor-version":[{"id":6656,"href":"https:\/\/www.expotransporte.com.ar\/br\/wp-json\/wp\/v2\/pages\/5100\/revisions\/6656"}],"wp:attachment":[{"href":"https:\/\/www.expotransporte.com.ar\/br\/wp-json\/wp\/v2\/media?parent=5100"}],"curies":[{"name":"wp","href":"https:\/\/api.w.org\/{rel}","templated":true}]}}