{"id":5106,"date":"2017-03-14T16:28:50","date_gmt":"2017-03-14T16:28:50","guid":{"rendered":"http:\/\/www.expotransporte.com.ar\/testimonios-expositores\/"},"modified":"2022-12-01T14:22:58","modified_gmt":"2022-12-01T14:22:58","slug":"testemunho-expositores","status":"publish","type":"page","link":"https:\/\/www.expotransporte.com.ar\/br\/testemunho-expositores\/","title":{"rendered":"Testemunho dos Expositores"},"content":{"rendered":"<div class=\"wpb-content-wrapper\"><p>[vc_row disable_element=&#8221;yes&#8221; el_id=&#8221;testimonios&#8221;][vc_column width=&#8221;1\/2&#8243; css=&#8221;.vc_custom_1489509730376{padding-right: 5% !important;}&#8221;][vc_column_text]<strong>Guillermo Dietrich, Ministro de Transporte de la Rep\u00fablica Argentina<\/strong> \u201c\u00c9 muito importante a presen\u00e7a destas Ferias, \u00e9 um sitio de encontro e gera\u00e7\u00e3o de neg\u00f3cios\u201d[\/vc_column_text][vc_empty_space][vc_separator color=&#8221;custom&#8221; el_width=&#8221;70&#8243; accent_color=&#8221;#F7BD14&#8243;][vc_empty_space][vc_column_text]<strong>Orlando Castellani, OMB\u00da Remolques <\/strong> \u201cEsta Exposi\u00e7\u00e3o n\u00f3s ajudou a desembarcar em Buenos Aires. Faz v\u00e1rios anos que viemos \u00e0 Exposi\u00e7\u00e3o. Uma amostra muito bem organizada. O perfil do visitante \u00e9 muito bom, s\u00e3o profissionais.\u201d[\/vc_column_text][vc_empty_space][vc_separator color=&#8221;custom&#8221; el_width=&#8221;70&#8243; accent_color=&#8221;#F7BD14&#8243;][vc_empty_space][vc_column_text]<strong>Juan Carlos Compostela, TODOBUS <\/strong>\u201cN\u00f3s estamos muito contentes de participar na Expo Transporte (\u2026) muitas pessoas do transporte passou pelo nosso stand, muitas pessoas do interior do pa\u00eds, recebemos muita gente de Ushuaia, Jujuy, Mendoza, San Juan, Bariloche, La Pampa, Comodoro Rivadavia, Misiones, Chaco, Corrientes (&#8230;) vamos estar na pr\u00f3xima edi\u00e7\u00e3o.\u201d[\/vc_column_text][vc_empty_space][vc_separator color=&#8221;custom&#8221; el_width=&#8221;70&#8243; accent_color=&#8221;#F7BD14&#8243;][\/vc_column][vc_column width=&#8221;1\/2&#8243;][vc_column_text]<strong>Ignacio Armendariz, AGRALE <\/strong>&#8220;O perfil profissional dos visitadores foi variado, temos recebido empres\u00e1rios de transporte de cargas e passageiros e muitos usu\u00e1rios finais interessados nos produtos que estamos exibindo (&#8230;) por nossa parte os objetivos foram cumpridos&#8221;[\/vc_column_text][vc_empty_space][vc_separator color=&#8221;custom&#8221; el_width=&#8221;70&#8243; accent_color=&#8221;#F7BD14&#8243;][vc_empty_space][vc_column_text]<strong>Paula Cavicchioli, LIFAN <\/strong>&#8220;\u00c9 muito bom estar na Expo Transporte, uma excelente decis\u00e3o porque o p\u00fablico est\u00e1 muito interessado em nossos produtos (&#8230;) o p\u00fablico \u00e9 ideal para nossos produtos e os objetos foram superados, sem d\u00favidas retornar\u00edamos a uma nova edi\u00e7\u00e3o.&#8221;[\/vc_column_text][vc_empty_space][vc_empty_space][vc_separator color=&#8221;custom&#8221; el_width=&#8221;70&#8243; accent_color=&#8221;#F7BD14&#8243;][\/vc_column][\/vc_row][vc_row][vc_column][vc_separator css=&#8221;.vc_custom_1502136587595{margin-top: 25px !important;margin-bottom: 25px !important;}&#8221;][\/vc_column][\/vc_row][vc_row disable_element=&#8221;yes&#8221;][vc_column][vc_row_inner][vc_column_inner width=&#8221;1\/3&#8243;]\r\n    <div class=\"tz_video_meetup\">\r\n        <img loading=\"lazy\" decoding=\"async\" width=\"480\" height=\"360\" src=\"https:\/\/www.expotransporte.com.ar\/wp-content\/uploads\/2017\/03\/testimoniosexpo1.png\" class=\"attachment-full size-full\" alt=\"\" srcset=\"https:\/\/www.expotransporte.com.ar\/wp-content\/uploads\/2017\/03\/testimoniosexpo1.png 480w, https:\/\/www.expotransporte.com.ar\/wp-content\/uploads\/2017\/03\/testimoniosexpo1-300x225.png 300w\" sizes=\"auto, (max-width: 480px) 100vw, 480px\" \/>\r\n            <div class=\"tz_bk_video\" ><\/div>\r\n\r\n        \r\n        <div class=\"tz_btn_play_video\">\r\n\r\n                            <a class=\"easy-opener tz_btn_easy\" data-type=\"video\" data-width=\"500\" data-height=\"281\" href=\"\/\/www.youtube.com\/embed\/uozu6AwFOFw\">\r\n                    <i class=\"fa fa-play\"><\/i>\r\n                <\/a>\r\n            \r\n        <\/div>\r\n    <\/div>\r\n\r\n[\/vc_column_inner][vc_column_inner width=&#8221;1\/3&#8243;]\r\n    <div class=\"tz_video_meetup\">\r\n        <img loading=\"lazy\" decoding=\"async\" width=\"480\" height=\"360\" src=\"https:\/\/www.expotransporte.com.ar\/wp-content\/uploads\/2017\/03\/testimoniosexpo2.png\" class=\"attachment-full size-full\" alt=\"\" srcset=\"https:\/\/www.expotransporte.com.ar\/wp-content\/uploads\/2017\/03\/testimoniosexpo2.png 480w, https:\/\/www.expotransporte.com.ar\/wp-content\/uploads\/2017\/03\/testimoniosexpo2-300x225.png 300w\" sizes=\"auto, (max-width: 480px) 100vw, 480px\" \/>\r\n            <div class=\"tz_bk_video\" ><\/div>\r\n\r\n        \r\n        <div class=\"tz_btn_play_video\">\r\n\r\n                            <a class=\"easy-opener tz_btn_easy\" data-type=\"video\" data-width=\"500\" data-height=\"281\" href=\"\/\/www.youtube.com\/embed\/N84VfiW0mWw\">\r\n                    <i class=\"fa fa-play\"><\/i>\r\n                <\/a>\r\n            \r\n        <\/div>\r\n    <\/div>\r\n\r\n[\/vc_column_inner][vc_column_inner width=&#8221;1\/3&#8243;]\r\n    <div class=\"tz_video_meetup\">\r\n        <img loading=\"lazy\" decoding=\"async\" width=\"480\" height=\"360\" src=\"https:\/\/www.expotransporte.com.ar\/wp-content\/uploads\/2017\/03\/testimoniosexpo3.png\" class=\"attachment-full size-full\" alt=\"\" srcset=\"https:\/\/www.expotransporte.com.ar\/wp-content\/uploads\/2017\/03\/testimoniosexpo3.png 480w, https:\/\/www.expotransporte.com.ar\/wp-content\/uploads\/2017\/03\/testimoniosexpo3-300x225.png 300w\" sizes=\"auto, (max-width: 480px) 100vw, 480px\" \/>\r\n            <div class=\"tz_bk_video\" ><\/div>\r\n\r\n        \r\n        <div class=\"tz_btn_play_video\">\r\n\r\n                            <a class=\"easy-opener tz_btn_easy\" data-type=\"video\" data-width=\"500\" data-height=\"281\" href=\"\/\/player.vimeo.com\/video\/RWtMr9Vo1mw\">\r\n                    <i class=\"fa fa-play\"><\/i>\r\n                <\/a>\r\n            \r\n        <\/div>\r\n    <\/div>\r\n\r\n[\/vc_column_inner][\/vc_row_inner][vc_separator css=&#8221;.vc_custom_1502137187278{margin-top: 10px !important;margin-bottom: 10px !important;}&#8221;][vc_row_inner][vc_column_inner width=&#8221;1\/3&#8243;]\r\n    <div class=\"tz_video_meetup\">\r\n        <img loading=\"lazy\" decoding=\"async\" width=\"480\" height=\"360\" src=\"https:\/\/www.expotransporte.com.ar\/wp-content\/uploads\/2017\/03\/testimoniosexpo4.png\" class=\"attachment-full size-full\" alt=\"\" srcset=\"https:\/\/www.expotransporte.com.ar\/wp-content\/uploads\/2017\/03\/testimoniosexpo4.png 480w, https:\/\/www.expotransporte.com.ar\/wp-content\/uploads\/2017\/03\/testimoniosexpo4-300x225.png 300w\" sizes=\"auto, (max-width: 480px) 100vw, 480px\" \/>\r\n            <div class=\"tz_bk_video\" ><\/div>\r\n\r\n        \r\n        <div class=\"tz_btn_play_video\">\r\n\r\n                            <a class=\"easy-opener tz_btn_easy\" data-type=\"video\" data-width=\"500\" data-height=\"281\" href=\"\/\/player.vimeo.com\/video\/54JU1LR3G0g\">\r\n                    <i class=\"fa fa-play\"><\/i>\r\n                <\/a>\r\n            \r\n        <\/div>\r\n    <\/div>\r\n\r\n[\/vc_column_inner][vc_column_inner width=&#8221;1\/3&#8243;]\r\n    <div class=\"tz_video_meetup\">\r\n        <img loading=\"lazy\" decoding=\"async\" width=\"480\" height=\"360\" src=\"https:\/\/www.expotransporte.com.ar\/wp-content\/uploads\/2017\/03\/testimoniosexpo5.png\" class=\"attachment-full size-full\" alt=\"\" srcset=\"https:\/\/www.expotransporte.com.ar\/wp-content\/uploads\/2017\/03\/testimoniosexpo5.png 480w, https:\/\/www.expotransporte.com.ar\/wp-content\/uploads\/2017\/03\/testimoniosexpo5-300x225.png 300w\" sizes=\"auto, (max-width: 480px) 100vw, 480px\" \/>\r\n            <div class=\"tz_bk_video\" ><\/div>\r\n\r\n        \r\n        <div class=\"tz_btn_play_video\">\r\n\r\n                            <a class=\"easy-opener tz_btn_easy\" data-type=\"video\" data-width=\"500\" data-height=\"281\" href=\"\/\/www.youtube.com\/embed\/4-um1Fw7LB8\">\r\n                    <i class=\"fa fa-play\"><\/i>\r\n                <\/a>\r\n            \r\n        <\/div>\r\n    <\/div>\r\n\r\n[\/vc_column_inner][vc_column_inner width=&#8221;1\/3&#8243;]\r\n    <div class=\"tz_video_meetup\">\r\n        <img loading=\"lazy\" decoding=\"async\" width=\"480\" height=\"360\" src=\"https:\/\/www.expotransporte.com.ar\/wp-content\/uploads\/2017\/03\/testimoniosexpo6.png\" class=\"attachment-full size-full\" alt=\"\" srcset=\"https:\/\/www.expotransporte.com.ar\/wp-content\/uploads\/2017\/03\/testimoniosexpo6.png 480w, https:\/\/www.expotransporte.com.ar\/wp-content\/uploads\/2017\/03\/testimoniosexpo6-300x225.png 300w\" sizes=\"auto, (max-width: 480px) 100vw, 480px\" \/>\r\n            <div class=\"tz_bk_video\" ><\/div>\r\n\r\n        \r\n        <div class=\"tz_btn_play_video\">\r\n\r\n                            <a class=\"easy-opener tz_btn_easy\" data-type=\"video\" data-width=\"500\" data-height=\"281\" href=\"\/\/www.youtube.com\/embed\/c3hoyeIBMbI\">\r\n                    <i class=\"fa fa-play\"><\/i>\r\n                <\/a>\r\n            \r\n        <\/div>\r\n    <\/div>\r\n\r\n[\/vc_column_inner][\/vc_row_inner][vc_separator css=&#8221;.vc_custom_1502137187278{margin-top: 10px !important;margin-bottom: 10px !important;}&#8221;][vc_row_inner][vc_column_inner width=&#8221;1\/3&#8243;][\/vc_column_inner][vc_column_inner width=&#8221;1\/3&#8243;]\r\n    <div class=\"tz_video_meetup\">\r\n        <img loading=\"lazy\" decoding=\"async\" width=\"480\" height=\"360\" src=\"https:\/\/www.expotransporte.com.ar\/wp-content\/uploads\/2017\/03\/testimoniosexpo7.png\" class=\"attachment-full size-full\" alt=\"\" srcset=\"https:\/\/www.expotransporte.com.ar\/wp-content\/uploads\/2017\/03\/testimoniosexpo7.png 480w, https:\/\/www.expotransporte.com.ar\/wp-content\/uploads\/2017\/03\/testimoniosexpo7-300x225.png 300w\" sizes=\"auto, (max-width: 480px) 100vw, 480px\" \/>\r\n            <div class=\"tz_bk_video\" ><\/div>\r\n\r\n        \r\n        <div class=\"tz_btn_play_video\">\r\n\r\n                            <a class=\"easy-opener tz_btn_easy\" data-type=\"video\" data-width=\"500\" data-height=\"281\" href=\"\/\/www.youtube.com\/embed\/sM5Mv0pol20\">\r\n                    <i class=\"fa fa-play\"><\/i>\r\n                <\/a>\r\n            \r\n        <\/div>\r\n    <\/div>\r\n\r\n[\/vc_column_inner][vc_column_inner width=&#8221;1\/3&#8243;][\/vc_column_inner][\/vc_row_inner][\/vc_column][\/vc_row][vc_row][vc_column][vc_column_text]<div class=\"epyt-gallery\" data-currpage=\"1\" id=\"epyt_gallery_12817\"><iframe loading=\"lazy\"  id=\"_ytid_50792\"  width=\"900\" height=\"506\"  data-origwidth=\"900\" data-origheight=\"506\"  data-relstop=\"1\" src=\"https:\/\/www.youtube.com\/embed\/VOziUzHVkgg?enablejsapi=1&autoplay=0&cc_load_policy=0&cc_lang_pref=&iv_load_policy=1&loop=0&rel=0&fs=1&playsinline=0&autohide=2&theme=dark&color=red&controls=1&disablekb=0&\" class=\"__youtube_prefs__  no-lazyload\" title=\"YouTube player\"  data-epytgalleryid=\"epyt_gallery_12817\"  allow=\"fullscreen; accelerometer; autoplay; clipboard-write; encrypted-media; gyroscope; picture-in-picture; web-share\" referrerpolicy=\"strict-origin-when-cross-origin\" allowfullscreen data-no-lazy=\"1\" data-skipgform_ajax_framebjll=\"\"><\/iframe><div class=\"epyt-gallery-list\"><div class=\"epyt-pagination \"><div tabindex=\"0\" role=\"button\" class=\"epyt-pagebutton epyt-prev  hide \" data-playlistid=\"PL3lOJ3xfDkV9M4tqALkyKUVY7FxHA9sD3\" data-pagesize=\"15\" data-pagetoken=\"\" data-epcolumns=\"3\" data-showtitle=\"1\" data-showpaging=\"1\" data-autonext=\"0\" data-thumbplay=\"1\"><div class=\"epyt-arrow\">&laquo;<\/div> <div>Prev<\/div><\/div><div class=\"epyt-pagenumbers \"><div class=\"epyt-current\">1<\/div><div class=\"epyt-pageseparator\"> \/ <\/div><div class=\"epyt-totalpages\">2<\/div><\/div><div tabindex=\"0\" role=\"button\" class=\"epyt-pagebutton epyt-next\" data-playlistid=\"PL3lOJ3xfDkV9M4tqALkyKUVY7FxHA9sD3\" data-pagesize=\"15\" data-pagetoken=\"EAAaHlBUOkNBOGlFRVJCUVRVMU1VTkdOekF3T0RRMFF6TQ\" data-epcolumns=\"3\" data-showtitle=\"1\" data-showpaging=\"1\" data-autonext=\"0\" data-thumbplay=\"1\"><div>Next<\/div> <div class=\"epyt-arrow\">&raquo;<\/div><\/div><div class=\"epyt-loader\"><img loading=\"lazy\" decoding=\"async\" alt=\"loading\" width=\"16\" height=\"11\" src=\"https:\/\/www.expotransporte.com.ar\/wp-content\/plugins\/youtube-embed-plus\/images\/gallery-page-loader.gif\"><\/div><\/div><div class=\"epyt-gallery-allthumbs  epyt-cols-3 \"><div tabindex=\"0\" role=\"button\" data-videoid=\"VOziUzHVkgg\" class=\"epyt-gallery-thumb\"><div class=\"epyt-gallery-img-box\"><div class=\"epyt-gallery-img\" style=\"background-image: url(https:\/\/i.ytimg.com\/vi\/VOziUzHVkgg\/hqdefault.jpg)\"><div class=\"epyt-gallery-playhover\"><img loading=\"lazy\" decoding=\"async\" alt=\"play\" class=\"epyt-play-img\" width=\"30\" height=\"23\" src=\"https:\/\/www.expotransporte.com.ar\/wp-content\/plugins\/youtube-embed-plus\/images\/playhover.png\" data-no-lazy=\"1\" data-skipgform_ajax_framebjll=\"\" \/><div class=\"epyt-gallery-playcrutch\"><\/div><\/div><\/div><\/div><div class=\"epyt-gallery-title\">Expo Transporte 2022 - Entrevista a Roberto Boggiano de Goodyear Argentina<\/div><\/div><div tabindex=\"0\" role=\"button\" data-videoid=\"zGdV_0VJBdw\" class=\"epyt-gallery-thumb\"><div class=\"epyt-gallery-img-box\"><div class=\"epyt-gallery-img\" style=\"background-image: url(https:\/\/i.ytimg.com\/vi\/zGdV_0VJBdw\/hqdefault.jpg)\"><div class=\"epyt-gallery-playhover\"><img loading=\"lazy\" decoding=\"async\" alt=\"play\" class=\"epyt-play-img\" width=\"30\" height=\"23\" src=\"https:\/\/www.expotransporte.com.ar\/wp-content\/plugins\/youtube-embed-plus\/images\/playhover.png\" data-no-lazy=\"1\" data-skipgform_ajax_framebjll=\"\" \/><div class=\"epyt-gallery-playcrutch\"><\/div><\/div><\/div><\/div><div class=\"epyt-gallery-title\">Expo Transporte 2022 - Entrevista a Lucas Borra de Carlos Boero S.R.L.<\/div><\/div><div tabindex=\"0\" role=\"button\" data-videoid=\"fmOS-yhqc14\" class=\"epyt-gallery-thumb\"><div class=\"epyt-gallery-img-box\"><div class=\"epyt-gallery-img\" style=\"background-image: url(https:\/\/i.ytimg.com\/vi\/fmOS-yhqc14\/hqdefault.jpg)\"><div class=\"epyt-gallery-playhover\"><img loading=\"lazy\" decoding=\"async\" alt=\"play\" class=\"epyt-play-img\" width=\"30\" height=\"23\" src=\"https:\/\/www.expotransporte.com.ar\/wp-content\/plugins\/youtube-embed-plus\/images\/playhover.png\" data-no-lazy=\"1\" data-skipgform_ajax_framebjll=\"\" \/><div class=\"epyt-gallery-playcrutch\"><\/div><\/div><\/div><\/div><div class=\"epyt-gallery-title\">Expo Transporte 2022 - Entrevista a Roberto Siegenthaler de Remolques Omb\u00fa<\/div><\/div><div class=\"epyt-gallery-rowbreak\"><\/div><div tabindex=\"0\" role=\"button\" data-videoid=\"zOE5dVDFu1Q\" class=\"epyt-gallery-thumb\"><div class=\"epyt-gallery-img-box\"><div class=\"epyt-gallery-img\" style=\"background-image: url(https:\/\/i.ytimg.com\/vi\/zOE5dVDFu1Q\/hqdefault.jpg)\"><div class=\"epyt-gallery-playhover\"><img loading=\"lazy\" decoding=\"async\" alt=\"play\" class=\"epyt-play-img\" width=\"30\" height=\"23\" src=\"https:\/\/www.expotransporte.com.ar\/wp-content\/plugins\/youtube-embed-plus\/images\/playhover.png\" data-no-lazy=\"1\" data-skipgform_ajax_framebjll=\"\" \/><div class=\"epyt-gallery-playcrutch\"><\/div><\/div><\/div><\/div><div class=\"epyt-gallery-title\">Expo Transporte 2022 - Entrevista a Jorge Furia de Acciareci<\/div><\/div><div tabindex=\"0\" role=\"button\" data-videoid=\"yp78z5ExkcQ\" class=\"epyt-gallery-thumb\"><div class=\"epyt-gallery-img-box\"><div class=\"epyt-gallery-img\" style=\"background-image: url(https:\/\/i.ytimg.com\/vi\/yp78z5ExkcQ\/hqdefault.jpg)\"><div class=\"epyt-gallery-playhover\"><img loading=\"lazy\" decoding=\"async\" alt=\"play\" class=\"epyt-play-img\" width=\"30\" height=\"23\" src=\"https:\/\/www.expotransporte.com.ar\/wp-content\/plugins\/youtube-embed-plus\/images\/playhover.png\" data-no-lazy=\"1\" data-skipgform_ajax_framebjll=\"\" \/><div class=\"epyt-gallery-playcrutch\"><\/div><\/div><\/div><\/div><div class=\"epyt-gallery-title\">Expo Transporte 2022 - Entrevista a Sergio Dominguez de Free Customs<\/div><\/div><div tabindex=\"0\" role=\"button\" data-videoid=\"sfSOvfS2Z1k\" class=\"epyt-gallery-thumb\"><div class=\"epyt-gallery-img-box\"><div class=\"epyt-gallery-img\" style=\"background-image: url(https:\/\/i.ytimg.com\/vi\/sfSOvfS2Z1k\/hqdefault.jpg)\"><div class=\"epyt-gallery-playhover\"><img loading=\"lazy\" decoding=\"async\" alt=\"play\" class=\"epyt-play-img\" width=\"30\" height=\"23\" src=\"https:\/\/www.expotransporte.com.ar\/wp-content\/plugins\/youtube-embed-plus\/images\/playhover.png\" data-no-lazy=\"1\" data-skipgform_ajax_framebjll=\"\" \/><div class=\"epyt-gallery-playcrutch\"><\/div><\/div><\/div><\/div><div class=\"epyt-gallery-title\">Expo Transporte 2022 - Entrevista a Federico Witenas de E-Mobility Group<\/div><\/div><div class=\"epyt-gallery-rowbreak\"><\/div><div tabindex=\"0\" role=\"button\" data-videoid=\"CsYmDx_zq2s\" class=\"epyt-gallery-thumb\"><div class=\"epyt-gallery-img-box\"><div class=\"epyt-gallery-img\" style=\"background-image: url(https:\/\/i.ytimg.com\/vi\/CsYmDx_zq2s\/hqdefault.jpg)\"><div class=\"epyt-gallery-playhover\"><img loading=\"lazy\" decoding=\"async\" alt=\"play\" class=\"epyt-play-img\" width=\"30\" height=\"23\" src=\"https:\/\/www.expotransporte.com.ar\/wp-content\/plugins\/youtube-embed-plus\/images\/playhover.png\" data-no-lazy=\"1\" data-skipgform_ajax_framebjll=\"\" \/><div class=\"epyt-gallery-playcrutch\"><\/div><\/div><\/div><\/div><div class=\"epyt-gallery-title\">Expo Transporte 2022 - Entrevista a Juliano Ruggieri de VW Camiones y Buses<\/div><\/div><div tabindex=\"0\" role=\"button\" data-videoid=\"wX-e-leZkVE\" class=\"epyt-gallery-thumb\"><div class=\"epyt-gallery-img-box\"><div class=\"epyt-gallery-img\" style=\"background-image: url(https:\/\/i.ytimg.com\/vi\/wX-e-leZkVE\/hqdefault.jpg)\"><div class=\"epyt-gallery-playhover\"><img loading=\"lazy\" decoding=\"async\" alt=\"play\" class=\"epyt-play-img\" width=\"30\" height=\"23\" src=\"https:\/\/www.expotransporte.com.ar\/wp-content\/plugins\/youtube-embed-plus\/images\/playhover.png\" data-no-lazy=\"1\" data-skipgform_ajax_framebjll=\"\" \/><div class=\"epyt-gallery-playcrutch\"><\/div><\/div><\/div><\/div><div class=\"epyt-gallery-title\">Expo Transporte 2022 - Entrevista a Ricardo Sand\u00e1 de Michelin<\/div><\/div><div tabindex=\"0\" role=\"button\" data-videoid=\"4ctaO3fEc3g\" class=\"epyt-gallery-thumb\"><div class=\"epyt-gallery-img-box\"><div class=\"epyt-gallery-img\" style=\"background-image: url(https:\/\/i.ytimg.com\/vi\/4ctaO3fEc3g\/hqdefault.jpg)\"><div class=\"epyt-gallery-playhover\"><img loading=\"lazy\" decoding=\"async\" alt=\"play\" class=\"epyt-play-img\" width=\"30\" height=\"23\" src=\"https:\/\/www.expotransporte.com.ar\/wp-content\/plugins\/youtube-embed-plus\/images\/playhover.png\" data-no-lazy=\"1\" data-skipgform_ajax_framebjll=\"\" \/><div class=\"epyt-gallery-playcrutch\"><\/div><\/div><\/div><\/div><div class=\"epyt-gallery-title\">Expo Transporte 2022 - Entrevista a Aldo Niclis de Colven<\/div><\/div><div class=\"epyt-gallery-rowbreak\"><\/div><div tabindex=\"0\" role=\"button\" data-videoid=\"rhhxLsgTzoQ\" class=\"epyt-gallery-thumb\"><div class=\"epyt-gallery-img-box\"><div class=\"epyt-gallery-img\" style=\"background-image: url(https:\/\/i.ytimg.com\/vi\/rhhxLsgTzoQ\/hqdefault.jpg)\"><div class=\"epyt-gallery-playhover\"><img loading=\"lazy\" decoding=\"async\" alt=\"play\" class=\"epyt-play-img\" width=\"30\" height=\"23\" src=\"https:\/\/www.expotransporte.com.ar\/wp-content\/plugins\/youtube-embed-plus\/images\/playhover.png\" data-no-lazy=\"1\" data-skipgform_ajax_framebjll=\"\" \/><div class=\"epyt-gallery-playcrutch\"><\/div><\/div><\/div><\/div><div class=\"epyt-gallery-title\">Expo Transporte 2022 - Entrevista a Adalberto Fernandez de Vipal SA<\/div><\/div><div tabindex=\"0\" role=\"button\" data-videoid=\"UTZO1oYklzk\" class=\"epyt-gallery-thumb\"><div class=\"epyt-gallery-img-box\"><div class=\"epyt-gallery-img\" style=\"background-image: url(https:\/\/i.ytimg.com\/vi\/UTZO1oYklzk\/hqdefault.jpg)\"><div class=\"epyt-gallery-playhover\"><img loading=\"lazy\" decoding=\"async\" alt=\"play\" class=\"epyt-play-img\" width=\"30\" height=\"23\" src=\"https:\/\/www.expotransporte.com.ar\/wp-content\/plugins\/youtube-embed-plus\/images\/playhover.png\" data-no-lazy=\"1\" data-skipgform_ajax_framebjll=\"\" \/><div class=\"epyt-gallery-playcrutch\"><\/div><\/div><\/div><\/div><div class=\"epyt-gallery-title\">Expo Transporte 2022 - Entrevista a Ezequiel Bessuat de YPF<\/div><\/div><div tabindex=\"0\" role=\"button\" data-videoid=\"kQ6RnZ48sXI\" class=\"epyt-gallery-thumb\"><div class=\"epyt-gallery-img-box\"><div class=\"epyt-gallery-img\" style=\"background-image: url(https:\/\/i.ytimg.com\/vi\/kQ6RnZ48sXI\/hqdefault.jpg)\"><div class=\"epyt-gallery-playhover\"><img loading=\"lazy\" decoding=\"async\" alt=\"play\" class=\"epyt-play-img\" width=\"30\" height=\"23\" src=\"https:\/\/www.expotransporte.com.ar\/wp-content\/plugins\/youtube-embed-plus\/images\/playhover.png\" data-no-lazy=\"1\" data-skipgform_ajax_framebjll=\"\" \/><div class=\"epyt-gallery-playcrutch\"><\/div><\/div><\/div><\/div><div class=\"epyt-gallery-title\">Expo Transporte 2022 - Entrevista a Emilio Felcam de FADEEAC<\/div><\/div><div class=\"epyt-gallery-rowbreak\"><\/div><div tabindex=\"0\" role=\"button\" data-videoid=\"VVKqapJx4wA\" class=\"epyt-gallery-thumb\"><div class=\"epyt-gallery-img-box\"><div class=\"epyt-gallery-img\" style=\"background-image: url(https:\/\/i.ytimg.com\/vi\/VVKqapJx4wA\/hqdefault.jpg)\"><div class=\"epyt-gallery-playhover\"><img loading=\"lazy\" decoding=\"async\" alt=\"play\" class=\"epyt-play-img\" width=\"30\" height=\"23\" src=\"https:\/\/www.expotransporte.com.ar\/wp-content\/plugins\/youtube-embed-plus\/images\/playhover.png\" data-no-lazy=\"1\" data-skipgform_ajax_framebjll=\"\" \/><div class=\"epyt-gallery-playcrutch\"><\/div><\/div><\/div><\/div><div class=\"epyt-gallery-title\">Expo Transporte 2022 - Entrevista a Santos Doncel de Iveco Group<\/div><\/div><div tabindex=\"0\" role=\"button\" data-videoid=\"Td0a3xn06FM\" class=\"epyt-gallery-thumb\"><div class=\"epyt-gallery-img-box\"><div class=\"epyt-gallery-img\" style=\"background-image: url(https:\/\/i.ytimg.com\/vi\/Td0a3xn06FM\/hqdefault.jpg)\"><div class=\"epyt-gallery-playhover\"><img loading=\"lazy\" decoding=\"async\" alt=\"play\" class=\"epyt-play-img\" width=\"30\" height=\"23\" src=\"https:\/\/www.expotransporte.com.ar\/wp-content\/plugins\/youtube-embed-plus\/images\/playhover.png\" data-no-lazy=\"1\" data-skipgform_ajax_framebjll=\"\" \/><div class=\"epyt-gallery-playcrutch\"><\/div><\/div><\/div><\/div><div class=\"epyt-gallery-title\">Expo Transporte 2022 - Entrevista a Salvador Vetere de LH Equipos Ambientales<\/div><\/div><div tabindex=\"0\" role=\"button\" data-videoid=\"MXkYeAAVmhA\" class=\"epyt-gallery-thumb\"><div class=\"epyt-gallery-img-box\"><div class=\"epyt-gallery-img\" style=\"background-image: url(https:\/\/i.ytimg.com\/vi\/MXkYeAAVmhA\/hqdefault.jpg)\"><div class=\"epyt-gallery-playhover\"><img loading=\"lazy\" decoding=\"async\" alt=\"play\" class=\"epyt-play-img\" width=\"30\" height=\"23\" src=\"https:\/\/www.expotransporte.com.ar\/wp-content\/plugins\/youtube-embed-plus\/images\/playhover.png\" data-no-lazy=\"1\" data-skipgform_ajax_framebjll=\"\" \/><div class=\"epyt-gallery-playcrutch\"><\/div><\/div><\/div><\/div><div class=\"epyt-gallery-title\">Expo Transporte 2022 - Entrevista a Gabriel Rodriguez de TTM Desarrollos<\/div><\/div><div class=\"epyt-gallery-rowbreak\"><\/div><div class=\"epyt-gallery-clear\"><\/div><\/div><div class=\"epyt-pagination \"><div tabindex=\"0\" role=\"button\" class=\"epyt-pagebutton epyt-prev  hide \" data-playlistid=\"PL3lOJ3xfDkV9M4tqALkyKUVY7FxHA9sD3\" data-pagesize=\"15\" data-pagetoken=\"\" data-epcolumns=\"3\" data-showtitle=\"1\" data-showpaging=\"1\" data-autonext=\"0\" data-thumbplay=\"1\"><div class=\"epyt-arrow\">&laquo;<\/div> <div>Prev<\/div><\/div><div class=\"epyt-pagenumbers \"><div class=\"epyt-current\">1<\/div><div class=\"epyt-pageseparator\"> \/ <\/div><div class=\"epyt-totalpages\">2<\/div><\/div><div tabindex=\"0\" role=\"button\" class=\"epyt-pagebutton epyt-next\" data-playlistid=\"PL3lOJ3xfDkV9M4tqALkyKUVY7FxHA9sD3\" data-pagesize=\"15\" data-pagetoken=\"EAAaHlBUOkNBOGlFRVJCUVRVMU1VTkdOekF3T0RRMFF6TQ\" data-epcolumns=\"3\" data-showtitle=\"1\" data-showpaging=\"1\" data-autonext=\"0\" data-thumbplay=\"1\"><div>Next<\/div> <div class=\"epyt-arrow\">&raquo;<\/div><\/div><div class=\"epyt-loader\"><img loading=\"lazy\" decoding=\"async\" alt=\"loading\" width=\"16\" height=\"11\" src=\"https:\/\/www.expotransporte.com.ar\/wp-content\/plugins\/youtube-embed-plus\/images\/gallery-page-loader.gif\"><\/div><\/div><\/div><\/div>[\/vc_column_text][\/vc_column][\/vc_row]<\/p>\n<\/div>","protected":false},"excerpt":{"rendered":"<p>[vc_row disable_element=&#8221;yes&#8221; el_id=&#8221;testimonios&#8221;][vc_column width=&#8221;1\/2&#8243; css=&#8221;.vc_custom_1489509730376{padding-right: 5% !important;}&#8221;][vc_column_text]Guillermo Dietrich, Ministro de Transporte de la Rep\u00fablica Argentina \u201c\u00c9 muito importante a presen\u00e7a destas Ferias, \u00e9 um sitio de encontro e gera\u00e7\u00e3o de neg\u00f3cios\u201d[\/vc_column_text][vc_empty_space][vc_separator color=&#8221;custom&#8221; el_width=&#8221;70&#8243; accent_color=&#8221;#F7BD14&#8243;][vc_empty_space][vc_column_text]Orlando Castellani, OMB\u00da Remolques \u201cEsta Exposi\u00e7\u00e3o n\u00f3s ajudou a desembarcar em Buenos Aires. Faz v\u00e1rios anos que [&hellip;]<\/p>\n","protected":false},"author":1,"featured_media":0,"parent":0,"menu_order":0,"comment_status":"closed","ping_status":"closed","template":"","meta":{"_joinchat":[],"footnotes":""},"class_list":["post-5106","page","type-page","status-publish","hentry"],"_links":{"self":[{"href":"https:\/\/www.expotransporte.com.ar\/br\/wp-json\/wp\/v2\/pages\/5106","targetHints":{"allow":["GET"]}}],"collection":[{"href":"https:\/\/www.expotransporte.com.ar\/br\/wp-json\/wp\/v2\/pages"}],"about":[{"href":"https:\/\/www.expotransporte.com.ar\/br\/wp-json\/wp\/v2\/types\/page"}],"author":[{"embeddable":true,"href":"https:\/\/www.expotransporte.com.ar\/br\/wp-json\/wp\/v2\/users\/1"}],"replies":[{"embeddable":true,"href":"https:\/\/www.expotransporte.com.ar\/br\/wp-json\/wp\/v2\/comments?post=5106"}],"version-history":[{"count":4,"href":"https:\/\/www.expotransporte.com.ar\/br\/wp-json\/wp\/v2\/pages\/5106\/revisions"}],"predecessor-version":[{"id":6671,"href":"https:\/\/www.expotransporte.com.ar\/br\/wp-json\/wp\/v2\/pages\/5106\/revisions\/6671"}],"wp:attachment":[{"href":"https:\/\/www.expotransporte.com.ar\/br\/wp-json\/wp\/v2\/media?parent=5106"}],"curies":[{"name":"wp","href":"https:\/\/api.w.org\/{rel}","templated":true}]}}